{"id":617,"date":"2021-06-19T03:33:41","date_gmt":"2021-06-19T03:33:41","guid":{"rendered":"http:\/\/ata-21.fr\/?page_id=617"},"modified":"2025-12-28T11:00:28","modified_gmt":"2025-12-28T11:00:28","slug":"contact","status":"publish","type":"page","link":"http:\/\/ata-21.fr\/?page_id=617","title":{"rendered":"Contact"},"content":{"rendered":"\n<div class=\"wp-block-cover alignfull\"><span aria-hidden=\"true\" class=\"wp-block-cover__background has-ast-global-color-4-background-color has-background-dim-100 has-background-dim\"><\/span><div class=\"wp-block-cover__inner-container is-layout-flow wp-block-cover-is-layout-flow\">\n<div class=\"wp-block-columns alignwide are-vertically-aligned-center is-layout-flex wp-container-core-columns-is-layout-28f84493 wp-block-columns-is-layout-flex\">\n<div class=\"wp-block-column is-vertically-aligned-center is-layout-flow wp-block-column-is-layout-flow\">\n<h1 class=\"wp-block-heading has-ast-global-color-2-color has-text-color\">Contactez nous<\/h1>\n<\/div>\n\n\n\n<div class=\"wp-block-column is-vertically-aligned-center is-layout-flow wp-block-column-is-layout-flow\">\n<hr class=\"wp-block-separator has-text-color has-ast-global-color-0-color has-css-opacity has-ast-global-color-0-background-color has-background is-style-wide\"\/>\n\n\n\n<p class=\"has-text-align-right has-ast-global-color-3-color has-text-color\">N&rsquo;h\u00e9sitez pas \u00e0 nous contacter pour en savoir plus sur nos activit\u00e9s et notre \u00e9tat d&rsquo;esprit.<\/p>\n<\/div>\n<\/div>\n<\/div><\/div>\n\n\n\n<div class=\"inherit-container-width wp-block-group alignfull has-ast-global-color-4-background-color has-background is-layout-constrained wp-block-group-is-layout-constrained\"><div class=\"wp-block-group__inner-container\">\n<div class=\"wp-block-columns alignwide is-layout-flex wp-container-core-columns-is-layout-28f84493 wp-block-columns-is-layout-flex\">\n<div class=\"wp-block-column is-vertically-aligned-center is-layout-flow wp-block-column-is-layout-flow\" style=\"flex-basis:33.33%\">\n<div class=\"inherit-container-width wp-block-group has-ast-global-color-0-background-color has-background is-layout-constrained wp-block-group-is-layout-constrained\"><div class=\"wp-block-group__inner-container\">\n<h3 class=\"wp-block-heading has-text-color\" style=\"color:#ffffff\">Nous serons tr\u00e8s heureux de vous rencontrer pour partager ce qui nous semble essentiel<\/h3>\n\n\n\n<hr class=\"wp-block-separator has-text-color has-css-opacity has-background is-style-wide\" style=\"background-color:#ffffff;color:#ffffff\"\/>\n\n\n\n<p class=\"has-text-color\" style=\"color:#ffffff\"><\/p>\n<\/div><\/div>\n<\/div>\n\n\n\n<div class=\"wp-block-column is-vertically-aligned-center is-layout-flow wp-block-column-is-layout-flow\" style=\"flex-basis:66.66%\">\n<div class=\"inherit-container-width wp-block-group has-ast-global-color-3-color has-text-color has-background is-layout-constrained wp-block-group-is-layout-constrained\" style=\"background-color:#ffffff\"><div class=\"wp-block-group__inner-container\">\n<figure class=\"wp-block-gallery has-nested-images columns-default is-cropped wp-block-gallery-1 is-layout-flex wp-block-gallery-is-layout-flex\">\n<figure class=\"wp-block-image size-large\"><img loading=\"lazy\" decoding=\"async\" width=\"2560\" height=\"1920\" data-id=\"757\" src=\"http:\/\/ata-21.fr\/wp-content\/uploads\/2022\/07\/IMG_3058-scaled.jpg\" alt=\"\" class=\"wp-image-757\" srcset=\"http:\/\/ata-21.fr\/wp-content\/uploads\/2022\/07\/IMG_3058-scaled.jpg 2560w, http:\/\/ata-21.fr\/wp-content\/uploads\/2022\/07\/IMG_3058-300x225.jpg 300w, http:\/\/ata-21.fr\/wp-content\/uploads\/2022\/07\/IMG_3058-1024x768.jpg 1024w, http:\/\/ata-21.fr\/wp-content\/uploads\/2022\/07\/IMG_3058-768x576.jpg 768w, http:\/\/ata-21.fr\/wp-content\/uploads\/2022\/07\/IMG_3058-1536x1152.jpg 1536w\" sizes=\"auto, (max-width: 2560px) 100vw, 2560px\" \/><\/figure>\n<\/figure>\n<\/div><\/div>\n<\/div>\n<\/div>\n<\/div><\/div>\n\n\n\n<div class=\"inherit-container-width wp-block-group alignfull has-ast-global-color-5-background-color has-background is-layout-constrained wp-block-group-is-layout-constrained\"><div class=\"wp-block-group__inner-container\">\n<div class=\"wp-block-columns are-vertically-aligned-center is-layout-flex wp-container-core-columns-is-layout-28f84493 wp-block-columns-is-layout-flex\">\n<div class=\"wp-block-column is-vertically-aligned-center is-layout-flow wp-block-column-is-layout-flow\">\n<figure class=\"wp-block-image aligncenter size-full\"><img loading=\"lazy\" decoding=\"async\" width=\"100\" height=\"77\" src=\"http:\/\/ata-21.fr\/wp-content\/uploads\/2023\/02\/youtube-1.png\" alt=\"\" class=\"wp-image-818\"\/><\/figure>\n\n\n\n<h4 class=\"wp-block-heading has-text-align-center\"><a href=\"https:\/\/www.youtube.com\/channel\/UCC-6lSQEtB_3C6sUcSUwrOw\" title=\"\">M\u00e9ditation essentielle<\/a><\/h4>\n\n\n\n<h6 class=\"wp-block-heading has-text-align-center\">Youtube<\/h6>\n<\/div>\n\n\n\n<div class=\"wp-block-column is-vertically-aligned-center is-layout-flow wp-block-column-is-layout-flow\">\n<figure class=\"wp-block-image aligncenter size-large\"><img loading=\"lazy\" decoding=\"async\" width=\"20\" height=\"20\" src=\"http:\/\/ata-21.fr\/wp-content\/uploads\/2021\/06\/map.png\" alt=\"\" class=\"wp-image-625\"\/><\/figure>\n\n\n\n<h4 class=\"wp-block-heading has-text-align-center\">proche de Strasbourg&#8230;<\/h4>\n\n\n\n<h6 class=\"wp-block-heading has-text-align-center\">Address<\/h6>\n<\/div>\n\n\n\n<div class=\"wp-block-column is-vertically-aligned-center is-layout-flow wp-block-column-is-layout-flow\">\n<figure class=\"wp-block-image aligncenter size-large\"><img loading=\"lazy\" decoding=\"async\" width=\"20\" height=\"20\" src=\"http:\/\/ata-21.fr\/wp-content\/uploads\/2021\/06\/envelope.png\" alt=\"\" class=\"wp-image-626\"\/><\/figure>\n\n\n\n<h4 class=\"wp-block-heading has-text-align-center\">philo.essentielle@icloud.com<\/h4>\n\n\n\n<h6 class=\"wp-block-heading has-text-align-center\">Email<\/h6>\n<\/div>\n<\/div>\n<\/div><\/div>\n\n\n\n<p><\/p>\n","protected":false},"excerpt":{"rendered":"<p>Nous serons tr\u00e8s heureux de vous rencontrer pour partager ce qui nous semble essentiel M\u00e9ditation essentielle Youtube proche de Strasbourg&#8230; Address philo.essentielle@icloud.com Email<\/p>\n","protected":false},"author":1,"featured_media":0,"parent":0,"menu_order":0,"comment_status":"closed","ping_status":"closed","template":"","meta":{"om_disable_all_campaigns":false,"_monsterinsights_skip_tracking":false,"_monsterinsights_sitenote_active":false,"_monsterinsights_sitenote_note":"","_monsterinsights_sitenote_category":0,"site-sidebar-layout":"no-sidebar","site-content-layout":"plain-container","ast-global-header-display":"","ast-main-header-display":"","ast-hfb-above-header-display":"","ast-hfb-below-header-display":"","ast-hfb-mobile-header-display":"","site-post-title":"disabled","ast-breadcrumbs-content":"disabled","ast-featured-img":"disabled","footer-sml-layout":"","theme-transparent-header-meta":"enabled","adv-header-id-meta":"","stick-header-meta":"","header-above-stick-meta":"","header-main-stick-meta":"","header-below-stick-meta":"","footnotes":""},"class_list":["post-617","page","type-page","status-publish","hentry"],"aioseo_notices":[],"_links":{"self":[{"href":"http:\/\/ata-21.fr\/index.php?rest_route=\/wp\/v2\/pages\/617","targetHints":{"allow":["GET"]}}],"collection":[{"href":"http:\/\/ata-21.fr\/index.php?rest_route=\/wp\/v2\/pages"}],"about":[{"href":"http:\/\/ata-21.fr\/index.php?rest_route=\/wp\/v2\/types\/page"}],"author":[{"embeddable":true,"href":"http:\/\/ata-21.fr\/index.php?rest_route=\/wp\/v2\/users\/1"}],"replies":[{"embeddable":true,"href":"http:\/\/ata-21.fr\/index.php?rest_route=%2Fwp%2Fv2%2Fcomments&post=617"}],"version-history":[{"count":11,"href":"http:\/\/ata-21.fr\/index.php?rest_route=\/wp\/v2\/pages\/617\/revisions"}],"predecessor-version":[{"id":839,"href":"http:\/\/ata-21.fr\/index.php?rest_route=\/wp\/v2\/pages\/617\/revisions\/839"}],"wp:attachment":[{"href":"http:\/\/ata-21.fr\/index.php?rest_route=%2Fwp%2Fv2%2Fmedia&parent=617"}],"curies":[{"name":"wp","href":"https:\/\/api.w.org\/{rel}","templated":true}]}}